{"id":8372,"date":"2021-07-21T08:57:23","date_gmt":"2021-07-21T08:57:23","guid":{"rendered":"https:\/\/coworkingbenalmadena.com\/?post_type=product&#038;p=8372"},"modified":"2022-08-12T11:09:03","modified_gmt":"2022-08-12T11:09:03","slug":"puesto-semanal","status":"publish","type":"product","link":"https:\/\/coworkingbenalmadena.com\/es\/producto\/puesto-semanal\/","title":{"rendered":"Puesto semanal"},"content":{"rendered":"<ul>\n<li>Internet 600 Mbps<\/li>\n<li>Acceso electr\u00f3nico<\/li>\n<li>Horario de 8:30 a 22h<\/li>\n<li>Almacenamiento privado<\/li>\n<li>Office con microondas y nevera<\/li>\n<li>Servicio de limpieza<\/li>\n<li>* IVA no incluido<\/li>\n<\/ul>\n","protected":false},"excerpt":{"rendered":"<p>Puesto de trabajo fijo con acceso al office con caf\u00e9, infusiones, microondas, direcci\u00f3n comercial y todo lo b\u00e1sico para poder currar, wifi, luz, agua, limpieza. Abrimos todos los d\u00edas de 8.30 a 22h.<\/p>\n","protected":false},"featured_media":8380,"template":"","meta":[],"product_brand":[],"product_cat":[15],"product_tag":[79],"class_list":{"0":"post-8372","1":"product","2":"type-product","3":"status-publish","4":"has-post-thumbnail","6":"product_cat-box-coworking-benalmadena","7":"product_tag-box-coworking-benalmadena","8":"grve-isotope-item","9":"grve-entry-item","11":"first","12":"instock","13":"virtual","14":"sold-individually","15":"taxable","16":"purchasable","17":"product-type-booking"},"yoast_head":"<!-- This site is optimized with the Yoast SEO plugin v27.4 - https:\/\/yoast.com\/product\/yoast-seo-wordpress\/ -->\n<title>Puesto semanal - Coworking Benalmadena<\/title>\n<meta name=\"description\" content=\"Puesto semanal de coworking Benalm\u00e1dena. Puesto de trabajo fijo con acceso al office. Abrimos todos los d\u00edas.\" \/>\n<meta name=\"robots\" content=\"index, follow, max-snippet:-1, max-image-preview:large, max-video-preview:-1\" \/>\n<link rel=\"canonical\" href=\"https:\/\/coworkingbenalmadena.com\/es\/producto\/puesto-semanal\/\" \/>\n<meta property=\"og:locale\" content=\"es_ES\" \/>\n<meta property=\"og:type\" content=\"article\" \/>\n<meta property=\"og:title\" content=\"Puesto semanal - Coworking Benalmadena\" \/>\n<meta property=\"og:description\" content=\"Puesto semanal de coworking Benalm\u00e1dena. Puesto de trabajo fijo con acceso al office. Abrimos todos los d\u00edas.\" \/>\n<meta property=\"og:url\" content=\"https:\/\/coworkingbenalmadena.com\/es\/producto\/puesto-semanal\/\" \/>\n<meta property=\"og:site_name\" content=\"Coworking Benalmadena\" \/>\n<meta property=\"article:modified_time\" content=\"2022-08-12T11:09:03+00:00\" \/>\n<meta property=\"og:image\" content=\"https:\/\/coworkingbenalmadena.com\/wp-content\/uploads\/2021\/07\/Puesto-semanal.png\" \/>\n\t<meta property=\"og:image:width\" content=\"1200\" \/>\n\t<meta property=\"og:image:height\" content=\"1200\" \/>\n\t<meta property=\"og:image:type\" content=\"image\/png\" \/>\n<meta name=\"twitter:card\" content=\"summary_large_image\" \/>\n<meta name=\"twitter:label1\" content=\"Tiempo de lectura\" \/>\n\t<meta name=\"twitter:data1\" content=\"1 minuto\" \/>\n<script type=\"application\/ld+json\" class=\"yoast-schema-graph\">{\"@context\":\"https:\\\/\\\/schema.org\",\"@graph\":[{\"@type\":\"WebPage\",\"@id\":\"https:\\\/\\\/coworkingbenalmadena.com\\\/es\\\/producto\\\/puesto-semanal\\\/\",\"url\":\"https:\\\/\\\/coworkingbenalmadena.com\\\/es\\\/producto\\\/puesto-semanal\\\/\",\"name\":\"Puesto semanal - Coworking Benalmadena\",\"isPartOf\":{\"@id\":\"https:\\\/\\\/coworkingbenalmadena.com\\\/es\\\/#website\"},\"primaryImageOfPage\":{\"@id\":\"https:\\\/\\\/coworkingbenalmadena.com\\\/es\\\/producto\\\/puesto-semanal\\\/#primaryimage\"},\"image\":{\"@id\":\"https:\\\/\\\/coworkingbenalmadena.com\\\/es\\\/producto\\\/puesto-semanal\\\/#primaryimage\"},\"thumbnailUrl\":\"https:\\\/\\\/coworkingbenalmadena.com\\\/wp-content\\\/uploads\\\/2021\\\/07\\\/Puesto-semanal.png\",\"datePublished\":\"2021-07-21T08:57:23+00:00\",\"dateModified\":\"2022-08-12T11:09:03+00:00\",\"description\":\"Puesto semanal de coworking Benalm\u00e1dena. Puesto de trabajo fijo con acceso al office. Abrimos todos los d\u00edas.\",\"breadcrumb\":{\"@id\":\"https:\\\/\\\/coworkingbenalmadena.com\\\/es\\\/producto\\\/puesto-semanal\\\/#breadcrumb\"},\"inLanguage\":\"es\",\"potentialAction\":[{\"@type\":\"ReadAction\",\"target\":[\"https:\\\/\\\/coworkingbenalmadena.com\\\/es\\\/producto\\\/puesto-semanal\\\/\"]}]},{\"@type\":\"ImageObject\",\"inLanguage\":\"es\",\"@id\":\"https:\\\/\\\/coworkingbenalmadena.com\\\/es\\\/producto\\\/puesto-semanal\\\/#primaryimage\",\"url\":\"https:\\\/\\\/coworkingbenalmadena.com\\\/wp-content\\\/uploads\\\/2021\\\/07\\\/Puesto-semanal.png\",\"contentUrl\":\"https:\\\/\\\/coworkingbenalmadena.com\\\/wp-content\\\/uploads\\\/2021\\\/07\\\/Puesto-semanal.png\",\"width\":1200,\"height\":1200},{\"@type\":\"BreadcrumbList\",\"@id\":\"https:\\\/\\\/coworkingbenalmadena.com\\\/es\\\/producto\\\/puesto-semanal\\\/#breadcrumb\",\"itemListElement\":[{\"@type\":\"ListItem\",\"position\":1,\"name\":\"Portada\",\"item\":\"https:\\\/\\\/coworkingbenalmadena.com\\\/es\\\/\"},{\"@type\":\"ListItem\",\"position\":2,\"name\":\"Shop\",\"item\":\"https:\\\/\\\/coworkingbenalmadena.com\\\/es\\\/servicios-coworking-benalmadena\\\/\"},{\"@type\":\"ListItem\",\"position\":3,\"name\":\"Puesto semanal\"}]},{\"@type\":\"WebSite\",\"@id\":\"https:\\\/\\\/coworkingbenalmadena.com\\\/es\\\/#website\",\"url\":\"https:\\\/\\\/coworkingbenalmadena.com\\\/es\\\/\",\"name\":\"Coworking Benalmadena\",\"description\":\"Tu espacio de trabajo en Benalm&aacute;dena\",\"potentialAction\":[{\"@type\":\"SearchAction\",\"target\":{\"@type\":\"EntryPoint\",\"urlTemplate\":\"https:\\\/\\\/coworkingbenalmadena.com\\\/es\\\/?s={search_term_string}\"},\"query-input\":{\"@type\":\"PropertyValueSpecification\",\"valueRequired\":true,\"valueName\":\"search_term_string\"}}],\"inLanguage\":\"es\"}]}<\/script>\n<!-- \/ Yoast SEO plugin. -->","yoast_head_json":{"title":"Puesto semanal - Coworking Benalmadena","description":"Puesto semanal de coworking Benalm\u00e1dena. Puesto de trabajo fijo con acceso al office. Abrimos todos los d\u00edas.","robots":{"index":"index","follow":"follow","max-snippet":"max-snippet:-1","max-image-preview":"max-image-preview:large","max-video-preview":"max-video-preview:-1"},"canonical":"https:\/\/coworkingbenalmadena.com\/es\/producto\/puesto-semanal\/","og_locale":"es_ES","og_type":"article","og_title":"Puesto semanal - Coworking Benalmadena","og_description":"Puesto semanal de coworking Benalm\u00e1dena. Puesto de trabajo fijo con acceso al office. Abrimos todos los d\u00edas.","og_url":"https:\/\/coworkingbenalmadena.com\/es\/producto\/puesto-semanal\/","og_site_name":"Coworking Benalmadena","article_modified_time":"2022-08-12T11:09:03+00:00","og_image":[{"width":1200,"height":1200,"url":"https:\/\/coworkingbenalmadena.com\/wp-content\/uploads\/2021\/07\/Puesto-semanal.png","type":"image\/png"}],"twitter_card":"summary_large_image","twitter_misc":{"Tiempo de lectura":"1 minuto"},"schema":{"@context":"https:\/\/schema.org","@graph":[{"@type":"WebPage","@id":"https:\/\/coworkingbenalmadena.com\/es\/producto\/puesto-semanal\/","url":"https:\/\/coworkingbenalmadena.com\/es\/producto\/puesto-semanal\/","name":"Puesto semanal - Coworking Benalmadena","isPartOf":{"@id":"https:\/\/coworkingbenalmadena.com\/es\/#website"},"primaryImageOfPage":{"@id":"https:\/\/coworkingbenalmadena.com\/es\/producto\/puesto-semanal\/#primaryimage"},"image":{"@id":"https:\/\/coworkingbenalmadena.com\/es\/producto\/puesto-semanal\/#primaryimage"},"thumbnailUrl":"https:\/\/coworkingbenalmadena.com\/wp-content\/uploads\/2021\/07\/Puesto-semanal.png","datePublished":"2021-07-21T08:57:23+00:00","dateModified":"2022-08-12T11:09:03+00:00","description":"Puesto semanal de coworking Benalm\u00e1dena. Puesto de trabajo fijo con acceso al office. Abrimos todos los d\u00edas.","breadcrumb":{"@id":"https:\/\/coworkingbenalmadena.com\/es\/producto\/puesto-semanal\/#breadcrumb"},"inLanguage":"es","potentialAction":[{"@type":"ReadAction","target":["https:\/\/coworkingbenalmadena.com\/es\/producto\/puesto-semanal\/"]}]},{"@type":"ImageObject","inLanguage":"es","@id":"https:\/\/coworkingbenalmadena.com\/es\/producto\/puesto-semanal\/#primaryimage","url":"https:\/\/coworkingbenalmadena.com\/wp-content\/uploads\/2021\/07\/Puesto-semanal.png","contentUrl":"https:\/\/coworkingbenalmadena.com\/wp-content\/uploads\/2021\/07\/Puesto-semanal.png","width":1200,"height":1200},{"@type":"BreadcrumbList","@id":"https:\/\/coworkingbenalmadena.com\/es\/producto\/puesto-semanal\/#breadcrumb","itemListElement":[{"@type":"ListItem","position":1,"name":"Portada","item":"https:\/\/coworkingbenalmadena.com\/es\/"},{"@type":"ListItem","position":2,"name":"Shop","item":"https:\/\/coworkingbenalmadena.com\/es\/servicios-coworking-benalmadena\/"},{"@type":"ListItem","position":3,"name":"Puesto semanal"}]},{"@type":"WebSite","@id":"https:\/\/coworkingbenalmadena.com\/es\/#website","url":"https:\/\/coworkingbenalmadena.com\/es\/","name":"Coworking Benalmadena","description":"Tu espacio de trabajo en Benalm&aacute;dena","potentialAction":[{"@type":"SearchAction","target":{"@type":"EntryPoint","urlTemplate":"https:\/\/coworkingbenalmadena.com\/es\/?s={search_term_string}"},"query-input":{"@type":"PropertyValueSpecification","valueRequired":true,"valueName":"search_term_string"}}],"inLanguage":"es"}]}},"_links":{"self":[{"href":"https:\/\/coworkingbenalmadena.com\/es\/wp-json\/wp\/v2\/product\/8372","targetHints":{"allow":["GET"]}}],"collection":[{"href":"https:\/\/coworkingbenalmadena.com\/es\/wp-json\/wp\/v2\/product"}],"about":[{"href":"https:\/\/coworkingbenalmadena.com\/es\/wp-json\/wp\/v2\/types\/product"}],"wp:featuredmedia":[{"embeddable":true,"href":"https:\/\/coworkingbenalmadena.com\/es\/wp-json\/wp\/v2\/media\/8380"}],"wp:attachment":[{"href":"https:\/\/coworkingbenalmadena.com\/es\/wp-json\/wp\/v2\/media?parent=8372"}],"wp:term":[{"taxonomy":"product_brand","embeddable":true,"href":"https:\/\/coworkingbenalmadena.com\/es\/wp-json\/wp\/v2\/product_brand?post=8372"},{"taxonomy":"product_cat","embeddable":true,"href":"https:\/\/coworkingbenalmadena.com\/es\/wp-json\/wp\/v2\/product_cat?post=8372"},{"taxonomy":"product_tag","embeddable":true,"href":"https:\/\/coworkingbenalmadena.com\/es\/wp-json\/wp\/v2\/product_tag?post=8372"}],"curies":[{"name":"wp","href":"https:\/\/api.w.org\/{rel}","templated":true}]}}