{"id":8151,"date":"2021-06-10T06:03:44","date_gmt":"2021-06-10T06:03:44","guid":{"rendered":"https:\/\/coworkingbenalmadena.com\/?page_id=8151"},"modified":"2022-08-16T08:52:17","modified_gmt":"2022-08-16T08:52:17","slug":"faqs","status":"publish","type":"page","link":"https:\/\/coworkingbenalmadena.com\/es\/faqs\/","title":{"rendered":"Faqs"},"content":{"rendered":"<p>[vc_row padding_top_multiplier=\u00bbcustom\u00bb padding_bottom_multiplier=\u00bbcustom\u00bb rc_bg_type=\u00bbgradient\u00bb rc_bg_gradient_color_1=\u00bb#ffffff\u00bb rc_bg_gradient_color_2=\u00bb#fafafa\u00bb rc_bg_gradient_direction=\u00bb180&#8243; padding_top=\u00bb13%\u00bb padding_bottom=\u00bb3%\u00bb][vc_column width=\u00bb1\/6&#8243; tablet_sm_width=\u00bbhide\u00bb][\/vc_column][vc_column width=\u00bb2\/3&#8243; tablet_sm_width=\u00bb1&#8243;][vc_row_inner][vc_column_inner width=\u00bb2\/3&#8243; vertical_content_position=\u00bbbottom\u00bb grve_css=\u00bb{\u00abdesktop\u00ab:{\u00abz-index\u00ab:3,\u00abclass\u00ab:\u00abgrve-wpb-1599025660334\u00ab}}\u00bb]<h1 data-animation=\"fade-in-up\" data-delay=\"200\" data-duration=\"normal\" class=\"grve-element grve-title grve-align-inherit grve-animated-item grve-page-title\"><span><br>\n<h1>Faqs de Coworking Benalm\u00e1dena<\/h1>\n<\/span><\/h1>[vc_column_text text_style=\u00bbleader-text\u00bb animation=\u00bbfade-in-up\u00bb animation_delay=\u00bb300&#8243;]Todas vuestras dudas resueltas en nuestro Faqs[\/vc_column_text]<div class=\"grve-empty-space grve-height-3x\"><\/div>[\/vc_column_inner][vc_column_inner width=\u00bb1\/3&#8243;]<div data-clipping-color=\"black\" data-animation=\"colored-clipping-up\" data-delay=\"300\" data-duration=\"normal\" class=\"grve-element grve-image grve-align-right grve-clipping-animation grve-advanced-animation grve-colored-clipping grve-animated-item grve-image-space-200 grve-image-expand-width grve-mobile-reset-image-space\">\r\n\t<div class=\"grve-image-item\">\r\n\t\t\r\n\r\n<div class=\"grve-image-wrapper grve-radius-3 grve-shadow-medium grve-no-effect\">\r\n\t\t<div class=\"grve-thumbnail-wrapper\"><div class=\"grve-thumbnail\"  style=\"padding-top: 140.365%;\"><img fetchpriority=\"high\" decoding=\"async\" width=\"768\" height=\"1078\" src=\"https:\/\/coworkingbenalmadena.com\/wp-content\/uploads\/2021\/06\/Espacios-Espacio-de-trabajo-corworking-Benalmadena-768x1078.jpg\" class=\"attachment-medium_large size-medium_large\" alt=\"\" data-column-space=\"200\" data-lazyload=\"off\" data-grve-filter=\"yes\" srcset=\"https:\/\/coworkingbenalmadena.com\/wp-content\/uploads\/2021\/06\/Espacios-Espacio-de-trabajo-corworking-Benalmadena-768x1078.jpg 768w, https:\/\/coworkingbenalmadena.com\/wp-content\/uploads\/2021\/06\/Espacios-Espacio-de-trabajo-corworking-Benalmadena-600x842.jpg 600w, https:\/\/coworkingbenalmadena.com\/wp-content\/uploads\/2021\/06\/Espacios-Espacio-de-trabajo-corworking-Benalmadena-214x300.jpg 214w, https:\/\/coworkingbenalmadena.com\/wp-content\/uploads\/2021\/06\/Espacios-Espacio-de-trabajo-corworking-Benalmadena-729x1024.jpg 729w, https:\/\/coworkingbenalmadena.com\/wp-content\/uploads\/2021\/06\/Espacios-Espacio-de-trabajo-corworking-Benalmadena.jpg 926w\" sizes=\"(max-width: 768px) 100vw, 768px\" \/><\/div><\/div>\t<\/div>\r\n\t<\/div>\r\n<\/div>\r\n[\/vc_column_inner][\/vc_row_inner][\/vc_column][vc_column width=\u00bb1\/6&#8243; tablet_sm_width=\u00bbhide\u00bb mobile_width=\u00bbhide\u00bb][\/vc_column][\/vc_row][vc_row padding_top_multiplier=\u00bb4x\u00bb padding_bottom_multiplier=\u00bb4x\u00bb rc_bg_type=\u00bbcolor\u00bb rc_bg_color=\u00bb#f9f9f9&#8243;][vc_column width=\u00bb1\/2&#8243; vertical_content_position=\u00bbmiddle\u00bb grve_css=\u00bb{\u00abdesktop\u00ab:{\u00abpadding-right\u00ab:\u00ab40\u00ab,\u00abclass\u00ab:\u00abgrve-wpb-1623243288970\u00ab}}\u00bb]<h3 class=\"grve-element grve-title grve-align-inherit grve-h4 grve-text-primary-1\"><span><br>\n<div class=\"css-16lc4rs\">\n<div class=\"css-1p0h6nx\">\n<h4 class=\"css-hqixcz\">Respondemos a sus preguntas sobre el espacio de coworking<span class=\"css-1x6b7sj\" aria-hidden=\"true\">.<\/span><\/h4>\n<\/div>\n<\/div>\n<\/span><\/h3><h3 class=\"grve-element grve-title grve-align-inherit grve-subtitle-text\"><span>Una opci\u00f3n flexible para aut\u00f3nomos y empresas<\/span><\/h3>[\/vc_column][vc_column width=\u00bb1\/2&#8243; vertical_content_position=\u00bbmiddle\u00bb][vc_tta_accordion][vc_tta_section title=\u00bb\u00bfQu\u00e9 significa que estamos abiertos de 8.30 a 22h?\u00bb tab_id=\u00bb1622467914298-fa41111d-fb771eb2-688e\u00bb][vc_column_text]<\/p>\n<div class=\"css-11htonm\" data-item=\"accordion-section\">\n<div class=\"css-1b9zk53\" data-testid=\"body-section\">\n<p id=\"0a14\" class=\"hc hd fn he b hf jf hg hh hi jg hj hk hl jh hm hn ho ji hp hq hr jj hs ht hv dm gj\" data-selectable-paragraph=\"\">Significa que, si dispones de un puesto fijo, puedes venir a trabajar a nuestro espacio cualquier d\u00eda de la semana en horario de 8.30 a 22. Nuestros coworkers tienen acceso a las instalaciones a trav\u00e9s de una app.<\/p>\n<\/div>\n<\/div>\n<div class=\"css-11htonm\" data-item=\"accordion-section\"><\/div>\n<p>[\/vc_column_text][\/vc_tta_section][vc_tta_section title=\u00bb\u00bfTen\u00e9is despachos cerrados?\u00bb tab_id=\u00bb1622467914332-ccd4e897-36971eb2-688e\u00bb][vc_column_text]Si, Hemos acondicionado dos peque\u00f1as oficinas privadas porque sabemos que est\u00e1n muy solicitadas.[\/vc_column_text][\/vc_tta_section][vc_tta_section title=\u00bb\u00bfEs posible acudir al coworking de forma ocasional?\u00bb tab_id=\u00bb1623309749466-e7c1c9fa-0840&#8243;][vc_column_text]<\/p>\n<p id=\"2d03\" class=\"hc hd fn he b hf jf hg hh hi jg hj hk hl jh hm hn ho ji hp hq hr jj hs ht hv dm gj\" data-selectable-paragraph=\"\">S\u00ed, disponemos de puestos de trabajo por 200\u20ac\/mes y\/o puedes venir un d\u00eda por 25\u20ac\/d\u00eda o 1 semana por 75\u20ac, IVA no incluido. Si vas a venir muchos d\u00edas pero no sabes cuantos ponte en contacto con nosotros y hablamos.<\/p>\n<p>[\/vc_column_text][\/vc_tta_section][vc_tta_section title=\u00bb\u00bfHay aparcamiento disponible?\u00bb tab_id=\u00bb1623309819224-7a2774d1-cbbb\u00bb][vc_column_text]<\/p>\n<p id=\"2d03\" class=\"hc hd fn he b hf jf hg hh hi jg hj hk hl jh hm hn ho ji hp hq hr jj hs ht hv dm gj\" data-selectable-paragraph=\"\">Disponemos de plazas\u00a0 de pago reservadas en el parking del centro comercial para nuestros coworkers.<\/p>\n<p>[\/vc_column_text][\/vc_tta_section][vc_tta_section title=\u00bb\u00bfQu\u00e9 incluye el puesto fijo?\u00bb tab_id=\u00bb1623309921298-e8260f15-16f5&#8243;][vc_column_text]El puesto fijo (200\u20ac\/mes) incluye una mesa y una silla de uso particular (nadie m\u00e1s podr\u00e1 usarla), acceso de 8.30 a 22h los 7 d\u00edas de la semana, todos los suministros, adem\u00e1s de agua para saciar tu sed y caf\u00e9 para mantenerte concentrado.[\/vc_column_text][\/vc_tta_section][vc_tta_section title=\u00bb\u00bfCu\u00e1les son las formas de pago admitidas?\u00bb tab_id=\u00bb1623309983721-f57d9e7a-945e\u00bb][vc_column_text]<\/p>\n<p id=\"78e2\" class=\"hc hd fn he b hf jf hg hh hi jg hj hk hl jh hm hn ho ji hp hq hr jj hs ht hv dm gj\" data-selectable-paragraph=\"\">Normalmente a trav\u00e9s de transferencia bancaria donde los gastos siempre correr\u00e1n por tu cuenta. Pero no nos cerramos en banda, a la hora de pagar nos ponemos de acuerdo \ud83d\ude09<\/p>\n<p data-selectable-paragraph=\"\">Recuerda que los servicios de nuestro coworking ser\u00e1n prepagados.<\/p>\n<p>[\/vc_column_text][\/vc_tta_section][\/vc_tta_accordion]<div class=\"grve-empty-space grve-height-2x\"><\/div>[\/vc_column][\/vc_row][vc_row section_type=\u00bbfullwidth\u00bb padding_top_multiplier=\u00bb\u00bb padding_bottom_multiplier=\u00bb\u00bb scroll_header_skin=\u00bblight\u00bb][vc_column content_width=\u00bbcustom\u00bb horizontal_content_position=\u00bbcenter\u00bb custom_content_width=\u00bb2000&#8243;][vc_row_inner columns_gap=\u00bb10&#8243;][vc_column_inner width=\u00bb1\/2&#8243;]<div class=\"grve-element grve-image grve-align-center grve-image-space-100 grve-image-expand-width\">\r\n\t<div class=\"grve-image-item\">\r\n\t\t\r\n\r\n<div class=\"grve-image-wrapper grve-no-effect\">\r\n\t\t<a href=\"#grve-safebutton-area\" class=\"grve-toggle-safebutton-area\">\t\t<div class=\"grve-thumbnail-wrapper\"><div class=\"grve-thumbnail\"  style=\"padding-top: 66.667%;\"><img decoding=\"async\" width=\"768\" height=\"512\" src=\"https:\/\/coworkingbenalmadena.com\/wp-content\/uploads\/2021\/07\/Coworking-Benalmadena-Malaga-21-768x512.jpeg\" class=\"attachment-medium_large size-medium_large grve-lazy-load lazyload\" alt=\"\" data-column-space=\"100\" data-lazyload=\"\" data-grve-filter=\"yes\" srcset=\"https:\/\/coworkingbenalmadena.com\/wp-content\/themes\/impeka\/images\/empty\/empty.png\" data-src=\"https:\/\/coworkingbenalmadena.com\/wp-content\/uploads\/2021\/07\/Coworking-Benalmadena-Malaga-21-768x512.jpeg\" data-sizes=\"auto\" data-srcset=\"https:\/\/coworkingbenalmadena.com\/wp-content\/uploads\/2021\/07\/Coworking-Benalmadena-Malaga-21-768x512.jpeg 768w, https:\/\/coworkingbenalmadena.com\/wp-content\/uploads\/2021\/07\/Coworking-Benalmadena-Malaga-21-600x400.jpeg 600w, https:\/\/coworkingbenalmadena.com\/wp-content\/uploads\/2021\/07\/Coworking-Benalmadena-Malaga-21-300x200.jpeg 300w, https:\/\/coworkingbenalmadena.com\/wp-content\/uploads\/2021\/07\/Coworking-Benalmadena-Malaga-21-1024x683.jpeg 1024w, https:\/\/coworkingbenalmadena.com\/wp-content\/uploads\/2021\/07\/Coworking-Benalmadena-Malaga-21-1536x1024.jpeg 1536w, https:\/\/coworkingbenalmadena.com\/wp-content\/uploads\/2021\/07\/Coworking-Benalmadena-Malaga-21.jpeg 1920w\" data-expand=\"1\" \/><\/div><\/div>\t<\/a><\/div>\r\n\t<\/div>\r\n<\/div>\r\n[\/vc_column_inner][vc_column_inner width=\u00bb1\/2&#8243;]<div class=\"grve-element grve-image grve-align-center grve-image-space-100 grve-image-expand-width\">\r\n\t<div class=\"grve-image-item\">\r\n\t\t\r\n\r\n<div class=\"grve-image-wrapper grve-no-effect\">\r\n\t\t<a href=\"#grve-safebutton-area\" class=\"grve-toggle-safebutton-area\">\t\t<div class=\"grve-thumbnail-wrapper\"><div class=\"grve-thumbnail\"  style=\"padding-top: 66.667%;\"><img decoding=\"async\" width=\"768\" height=\"512\" src=\"https:\/\/coworkingbenalmadena.com\/wp-content\/uploads\/2021\/07\/Coworking-Benalmadena-Malaga-17-768x512.jpeg\" class=\"attachment-medium_large size-medium_large grve-lazy-load lazyload\" alt=\"\" data-column-space=\"100\" data-lazyload=\"\" data-grve-filter=\"yes\" srcset=\"https:\/\/coworkingbenalmadena.com\/wp-content\/themes\/impeka\/images\/empty\/empty.png\" data-src=\"https:\/\/coworkingbenalmadena.com\/wp-content\/uploads\/2021\/07\/Coworking-Benalmadena-Malaga-17-768x512.jpeg\" data-sizes=\"auto\" data-srcset=\"https:\/\/coworkingbenalmadena.com\/wp-content\/uploads\/2021\/07\/Coworking-Benalmadena-Malaga-17-768x512.jpeg 768w, https:\/\/coworkingbenalmadena.com\/wp-content\/uploads\/2021\/07\/Coworking-Benalmadena-Malaga-17-600x400.jpeg 600w, https:\/\/coworkingbenalmadena.com\/wp-content\/uploads\/2021\/07\/Coworking-Benalmadena-Malaga-17-300x200.jpeg 300w, https:\/\/coworkingbenalmadena.com\/wp-content\/uploads\/2021\/07\/Coworking-Benalmadena-Malaga-17-1024x683.jpeg 1024w, https:\/\/coworkingbenalmadena.com\/wp-content\/uploads\/2021\/07\/Coworking-Benalmadena-Malaga-17-1536x1024.jpeg 1536w, https:\/\/coworkingbenalmadena.com\/wp-content\/uploads\/2021\/07\/Coworking-Benalmadena-Malaga-17.jpeg 1920w\" data-expand=\"1\" \/><\/div><\/div>\t<\/a><\/div>\r\n\t<\/div>\r\n<\/div>\r\n[\/vc_column_inner][\/vc_row_inner][\/vc_column][\/vc_row][vc_row padding_top_multiplier=\u00bb4x\u00bb padding_bottom_multiplier=\u00bb4x\u00bb rc_add_shadow=\u00bbmedium-shadow\u00bb][vc_column width=\u00bb1\/2&#8243; tablet_width=\u00bb7-12&#8243; tablet_sm_width=\u00bb2-3&#8243;]<h3 class=\"grve-element grve-title grve-align-inherit grve-h4 grve-text-primary-1\"><span><br>\n<div class=\"css-16lc4rs\">\n<div class=\"css-1p0h6nx\">\nTe proponemos que este sea tu rinc\u00f3n para que puedas trabajar, desarrollar una idea de negocio o lo que quieras. Un espacio peque\u00f1o, pero coqueto, con todo lo que puedas necesitar para para empezar o continuar con tu actividad profesional. Sin ataduras&#8230;y sobre todo f\u00e1cil!<br>\n<\/div>\n<\/div>\n<\/span><\/h3>[\/vc_column][vc_column width=\u00bb1\/2&#8243; vertical_content_position=\u00bbbottom\u00bb text_align=\u00bbright\u00bb tablet_width=\u00bb5-12&#8243; tablet_sm_width=\u00bb1-3&#8243; mobile_text_align=\u00bbleft\u00bb]<div class=\"grve-element grve-align-inherit\"><a href=\"https:\/\/coworkingbenalmadena.com\/es\/contact\/\" class=\"grve-btn-text grve-btn-only-text grve-text-black grve-text-hover-black grve-btn-medium grve-with-svg-icon-arrow-1\">\r\n\t\t<div class=\"grve-btn-inner\">\r\n\t\t<span>Ven a conocernos<\/span>\r\n\t\t\t\t\t\t\t<div class=\"grve-btn-svg-icon grve-with-shape grve-svg-white\">\r\n\t\t\t\t\t\t<svg width=\"12px\" height=\"12px\" viewBox=\"0 0 12 12\">\r\n\t\t\t\t<polygon points=\"3.6 0 10 6 3.6 12 2 10.5 6.8 6 2 1.5\"><\/polygon>\r\n\t\t\t<\/svg>\r\n\t\t\t\t\t\t\t\t\t<div class=\"grve-shape-icon grve-circle grve-simple grve-bg-primary-1\"><\/div>\r\n\t\t\t\t\t<\/div>\r\n\t\t\t\t\t<\/div>\r\n\t<\/a><\/div>[\/vc_column][vc_column mobile_width=\u00bbhide\u00bb]<div class=\"grve-empty-space grve-height-2x\"><\/div>[\/vc_column][\/vc_row]<\/p>\n","protected":false},"excerpt":{"rendered":"<p>[vc_row padding_top_multiplier=\u00bbcustom\u00bb padding_bottom_multiplier=\u00bbcustom\u00bb rc_bg_type=\u00bbgradient\u00bb rc_bg_gradient_color_1=\u00bb#ffffff\u00bb rc_bg_gradient_color_2=\u00bb#fafafa\u00bb rc_bg_gradient_direction=\u00bb180&#8243; padding_top=\u00bb13%\u00bb padding_bottom=\u00bb3%\u00bb][vc_column width=\u00bb1\/6&#8243; tablet_sm_width=\u00bbhide\u00bb][\/vc_column][vc_column width=\u00bb2\/3&#8243; tablet_sm_width=\u00bb1&#8243;][vc_row_inner][vc_column_inner width=\u00bb2\/3&#8243; vertical_content_position=\u00bbbottom\u00bb grve_css=\u00bb{\u00abdesktop\u00ab:{\u00abz-index\u00ab:3,\u00abclass\u00ab:\u00abgrve-wpb-1599025660334\u00ab}}\u00bb][vc_column_text text_style=\u00bbleader-text\u00bb animation=\u00bbfade-in-up\u00bb animation_delay=\u00bb300&#8243;]Todas vuestras dudas resueltas en nuestro Faqs[\/vc_column_text][\/vc_column_inner][vc_column_inner width=\u00bb1\/3&#8243;][\/vc_column_inner][\/vc_row_inner][\/vc_column][vc_column width=\u00bb1\/6&#8243; tablet_sm_width=\u00bbhide\u00bb mobile_width=\u00bbhide\u00bb][\/vc_column][\/vc_row][vc_row padding_top_multiplier=\u00bb4x\u00bb padding_bottom_multiplier=\u00bb4x\u00bb rc_bg_type=\u00bbcolor\u00bb rc_bg_color=\u00bb#f9f9f9&#8243;][vc_column width=\u00bb1\/2&#8243; vertical_content_position=\u00bbmiddle\u00bb grve_css=\u00bb{\u00abdesktop\u00ab:{\u00abpadding-right\u00ab:\u00ab40\u00ab,\u00abclass\u00ab:\u00abgrve-wpb-1623243288970\u00ab}}\u00bb][\/vc_column][vc_column width=\u00bb1\/2&#8243; vertical_content_position=\u00bbmiddle\u00bb][vc_tta_accordion][vc_tta_section title=\u00bb\u00bfQu\u00e9 significa que estamos abiertos de 8.30 a 22h?\u00bb tab_id=\u00bb1622467914298-fa41111d-fb771eb2-688e\u00bb][vc_column_text] Significa que, si dispones de un puesto [&hellip;]<\/p>\n","protected":false},"author":1,"featured_media":0,"parent":0,"menu_order":0,"comment_status":"closed","ping_status":"closed","template":"","meta":{"footnotes":""},"class_list":["post-8151","page","type-page","status-publish","hentry","grve-isotope-item","grve-entry-item"],"yoast_head":"<!-- This site is optimized with the Yoast SEO plugin v27.4 - https:\/\/yoast.com\/product\/yoast-seo-wordpress\/ -->\n<title>Faqs - Coworking Benalmadena<\/title>\n<meta name=\"description\" content=\"Todas vuestras dudas resueltas en nuestro faqs de Coworking Benalmadena. Respondemos a sus preguntas sobre el espacio de oficinas.\" \/>\n<meta name=\"robots\" content=\"index, follow, max-snippet:-1, max-image-preview:large, max-video-preview:-1\" \/>\n<link rel=\"canonical\" href=\"https:\/\/coworkingbenalmadena.com\/es\/faqs\/\" \/>\n<meta property=\"og:locale\" content=\"es_ES\" \/>\n<meta property=\"og:type\" content=\"article\" \/>\n<meta property=\"og:title\" content=\"Faqs - Coworking Benalmadena\" \/>\n<meta property=\"og:description\" content=\"Todas vuestras dudas resueltas en nuestro faqs de Coworking Benalmadena. Respondemos a sus preguntas sobre el espacio de oficinas.\" \/>\n<meta property=\"og:url\" content=\"https:\/\/coworkingbenalmadena.com\/es\/faqs\/\" \/>\n<meta property=\"og:site_name\" content=\"Coworking Benalmadena\" \/>\n<meta property=\"article:modified_time\" content=\"2022-08-16T08:52:17+00:00\" \/>\n<meta name=\"twitter:card\" content=\"summary_large_image\" \/>\n<meta name=\"twitter:label1\" content=\"Tiempo de lectura\" \/>\n\t<meta name=\"twitter:data1\" content=\"2 minutos\" \/>\n<script type=\"application\/ld+json\" class=\"yoast-schema-graph\">{\"@context\":\"https:\\\/\\\/schema.org\",\"@graph\":[{\"@type\":\"WebPage\",\"@id\":\"https:\\\/\\\/coworkingbenalmadena.com\\\/es\\\/faqs\\\/\",\"url\":\"https:\\\/\\\/coworkingbenalmadena.com\\\/es\\\/faqs\\\/\",\"name\":\"Faqs - Coworking Benalmadena\",\"isPartOf\":{\"@id\":\"https:\\\/\\\/coworkingbenalmadena.com\\\/es\\\/#website\"},\"datePublished\":\"2021-06-10T06:03:44+00:00\",\"dateModified\":\"2022-08-16T08:52:17+00:00\",\"description\":\"Todas vuestras dudas resueltas en nuestro faqs de Coworking Benalmadena. Respondemos a sus preguntas sobre el espacio de oficinas.\",\"breadcrumb\":{\"@id\":\"https:\\\/\\\/coworkingbenalmadena.com\\\/es\\\/faqs\\\/#breadcrumb\"},\"inLanguage\":\"es\",\"potentialAction\":[{\"@type\":\"ReadAction\",\"target\":[\"https:\\\/\\\/coworkingbenalmadena.com\\\/es\\\/faqs\\\/\"]}]},{\"@type\":\"BreadcrumbList\",\"@id\":\"https:\\\/\\\/coworkingbenalmadena.com\\\/es\\\/faqs\\\/#breadcrumb\",\"itemListElement\":[{\"@type\":\"ListItem\",\"position\":1,\"name\":\"Portada\",\"item\":\"https:\\\/\\\/coworkingbenalmadena.com\\\/es\\\/\"},{\"@type\":\"ListItem\",\"position\":2,\"name\":\"Faqs\"}]},{\"@type\":\"WebSite\",\"@id\":\"https:\\\/\\\/coworkingbenalmadena.com\\\/es\\\/#website\",\"url\":\"https:\\\/\\\/coworkingbenalmadena.com\\\/es\\\/\",\"name\":\"Coworking Benalmadena\",\"description\":\"Tu espacio de trabajo en Benalm&aacute;dena\",\"potentialAction\":[{\"@type\":\"SearchAction\",\"target\":{\"@type\":\"EntryPoint\",\"urlTemplate\":\"https:\\\/\\\/coworkingbenalmadena.com\\\/es\\\/?s={search_term_string}\"},\"query-input\":{\"@type\":\"PropertyValueSpecification\",\"valueRequired\":true,\"valueName\":\"search_term_string\"}}],\"inLanguage\":\"es\"}]}<\/script>\n<!-- \/ Yoast SEO plugin. -->","yoast_head_json":{"title":"Faqs - Coworking Benalmadena","description":"Todas vuestras dudas resueltas en nuestro faqs de Coworking Benalmadena. Respondemos a sus preguntas sobre el espacio de oficinas.","robots":{"index":"index","follow":"follow","max-snippet":"max-snippet:-1","max-image-preview":"max-image-preview:large","max-video-preview":"max-video-preview:-1"},"canonical":"https:\/\/coworkingbenalmadena.com\/es\/faqs\/","og_locale":"es_ES","og_type":"article","og_title":"Faqs - Coworking Benalmadena","og_description":"Todas vuestras dudas resueltas en nuestro faqs de Coworking Benalmadena. Respondemos a sus preguntas sobre el espacio de oficinas.","og_url":"https:\/\/coworkingbenalmadena.com\/es\/faqs\/","og_site_name":"Coworking Benalmadena","article_modified_time":"2022-08-16T08:52:17+00:00","twitter_card":"summary_large_image","twitter_misc":{"Tiempo de lectura":"2 minutos"},"schema":{"@context":"https:\/\/schema.org","@graph":[{"@type":"WebPage","@id":"https:\/\/coworkingbenalmadena.com\/es\/faqs\/","url":"https:\/\/coworkingbenalmadena.com\/es\/faqs\/","name":"Faqs - Coworking Benalmadena","isPartOf":{"@id":"https:\/\/coworkingbenalmadena.com\/es\/#website"},"datePublished":"2021-06-10T06:03:44+00:00","dateModified":"2022-08-16T08:52:17+00:00","description":"Todas vuestras dudas resueltas en nuestro faqs de Coworking Benalmadena. Respondemos a sus preguntas sobre el espacio de oficinas.","breadcrumb":{"@id":"https:\/\/coworkingbenalmadena.com\/es\/faqs\/#breadcrumb"},"inLanguage":"es","potentialAction":[{"@type":"ReadAction","target":["https:\/\/coworkingbenalmadena.com\/es\/faqs\/"]}]},{"@type":"BreadcrumbList","@id":"https:\/\/coworkingbenalmadena.com\/es\/faqs\/#breadcrumb","itemListElement":[{"@type":"ListItem","position":1,"name":"Portada","item":"https:\/\/coworkingbenalmadena.com\/es\/"},{"@type":"ListItem","position":2,"name":"Faqs"}]},{"@type":"WebSite","@id":"https:\/\/coworkingbenalmadena.com\/es\/#website","url":"https:\/\/coworkingbenalmadena.com\/es\/","name":"Coworking Benalmadena","description":"Tu espacio de trabajo en Benalm&aacute;dena","potentialAction":[{"@type":"SearchAction","target":{"@type":"EntryPoint","urlTemplate":"https:\/\/coworkingbenalmadena.com\/es\/?s={search_term_string}"},"query-input":{"@type":"PropertyValueSpecification","valueRequired":true,"valueName":"search_term_string"}}],"inLanguage":"es"}]}},"_links":{"self":[{"href":"https:\/\/coworkingbenalmadena.com\/es\/wp-json\/wp\/v2\/pages\/8151","targetHints":{"allow":["GET"]}}],"collection":[{"href":"https:\/\/coworkingbenalmadena.com\/es\/wp-json\/wp\/v2\/pages"}],"about":[{"href":"https:\/\/coworkingbenalmadena.com\/es\/wp-json\/wp\/v2\/types\/page"}],"author":[{"embeddable":true,"href":"https:\/\/coworkingbenalmadena.com\/es\/wp-json\/wp\/v2\/users\/1"}],"replies":[{"embeddable":true,"href":"https:\/\/coworkingbenalmadena.com\/es\/wp-json\/wp\/v2\/comments?post=8151"}],"version-history":[{"count":17,"href":"https:\/\/coworkingbenalmadena.com\/es\/wp-json\/wp\/v2\/pages\/8151\/revisions"}],"predecessor-version":[{"id":8791,"href":"https:\/\/coworkingbenalmadena.com\/es\/wp-json\/wp\/v2\/pages\/8151\/revisions\/8791"}],"wp:attachment":[{"href":"https:\/\/coworkingbenalmadena.com\/es\/wp-json\/wp\/v2\/media?parent=8151"}],"curies":[{"name":"wp","href":"https:\/\/api.w.org\/{rel}","templated":true}]}}